{"id":1847,"date":"2025-06-04T16:17:30","date_gmt":"2025-06-04T14:17:30","guid":{"rendered":"https:\/\/capformalites.fr\/?page_id=1847"},"modified":"2025-06-04T16:17:30","modified_gmt":"2025-06-04T14:17:30","slug":"cap-formalites-marseille","status":"publish","type":"page","link":"https:\/\/capformalites.fr\/index.php\/cap-formalites-marseille\/","title":{"rendered":"CAP FORMALIT\u00c9S MARSEILLE"},"content":{"rendered":"\n<p class=\"has-text-align-center has-medium-font-size\"><strong>CAP FORMALIT\u00c9S MARSEILLE<\/strong><\/p>\n\n\n\n<div class=\"wp-block-group margin015 has-background has-global-padding is-layout-constrained wp-block-group-is-layout-constrained\" style=\"background-color:#6abeb8;padding-top:var(--wp--preset--spacing--x-small)\">\n<p class=\"has-text-align-center has-white-color has-text-color has-link-color wp-elements-274f83f301bb10be0e0df355922915b9\" style=\"font-size:clamp(18.959px, 1.185rem + ((1vw - 3.2px) * 1.15), 30px);\"><strong><strong>Contactez-nous d\u00e8s maintenant&nbsp;!<\/strong><\/strong><\/p>\n\n\n\n<div class=\"wp-block-columns alignfull is-layout-flex wp-container-core-columns-is-layout-28f84493 wp-block-columns-is-layout-flex\">\n<div class=\"wp-block-column marginauto has-white-background-color has-background is-layout-flow wp-container-core-column-is-layout-9dc746e6 wp-block-column-is-layout-flow\" style=\"border-radius:15px;padding-top:10px;padding-right:10px;padding-bottom:10px;padding-left:10px;flex-basis:500px\">\n<p class=\"has-text-align-center has-medium-font-size\" style=\"text-decoration:underline\"><strong>Nos coordonn\u00e9es<\/strong><br><\/p>\n\n\n\n<p class=\"customIconMargin\"><img loading=\"lazy\" decoding=\"async\" width=\"32\" height=\"33\" class=\"wp-image-1617\" style=\"width: 32px;\" src=\"https:\/\/capformalites.fr\/wp-content\/uploads\/2025\/05\/image-tel.png\" alt=\"\"><strong>06.58.35.00.12<\/strong><\/p>\n\n\n\n<p class=\"customIconMargin2\" style=\"margin-top:0;margin-bottom:0\"><img loading=\"lazy\" decoding=\"async\" width=\"32\" height=\"25\" class=\"wp-image-1616\" style=\"width: 32px;\" src=\"https:\/\/capformalites.fr\/wp-content\/uploads\/2025\/05\/image-adresse.png\" alt=\"\"><strong>leiladevesse@gmail.com<\/strong><\/p>\n\n\n\n<p class=\"customHidden\"><img loading=\"lazy\" decoding=\"async\" width=\"32\" height=\"25\" class=\"wp-image-1616\" style=\"width: 32px;\" src=\"https:\/\/capformalites.fr\/wp-content\/uploads\/2025\/05\/image-adresse.png\" alt=\"\"><strong>contact@capformalites.fr<\/strong><\/p>\n\n\n\n<p class=\"customIconMargin\"><img loading=\"lazy\" decoding=\"async\" width=\"30\" height=\"30\" class=\"wp-image-1612\" style=\"width: 30px;\" src=\"https:\/\/capformalites.fr\/wp-content\/uploads\/2025\/05\/image-horaire.png\" alt=\"\"><strong>Du lundi au vendredi 9h-18h<\/strong><\/p>\n\n\n\n<p class=\"customIconMargin3\"><strong><img loading=\"lazy\" decoding=\"async\" width=\"22\" height=\"31\" class=\"wp-image-1618\" style=\"width: 22px;\" src=\"https:\/\/capformalites.fr\/wp-content\/uploads\/2025\/05\/image-mail.png\" alt=\"\"> 4B, rue Maryse Basti\u00e9 31140 Montberon<\/strong><\/p>\n\n\n\n<hr class=\"wp-block-separator has-alpha-channel-opacity\" style=\"margin-bottom:var(--wp--preset--spacing--x-small)\"\/>\n\n\n\n<figure class=\"wp-block-image size-full is-resized\"><a href=\"https:\/\/www.google.fr\/maps\/place\/CAP+Formalit%C3%A9s\/@43.6597861,1.44606,12.04z\/data=!4m6!3m5!1s0x12aea1e670c67a7d:0x4ad37740f28d1087!8m2!3d43.7197042!4d1.4787284!16s%2Fg%2F11vs36057g?entry=tts&amp;g_ep=EgoyMDI1MDUyMS4wIPu8ASoASAFQAw%3D%3D&amp;skid=d6dc97c7-fde7-4147-b604-ae986a78cc29\"><img loading=\"lazy\" decoding=\"async\" width=\"589\" height=\"715\" src=\"https:\/\/capformalites.fr\/wp-content\/uploads\/2025\/05\/map-1.png\" alt=\"\" class=\"wp-image-1598\" style=\"width:500px\" srcset=\"https:\/\/capformalites.fr\/wp-content\/uploads\/2025\/05\/map-1.png 589w, https:\/\/capformalites.fr\/wp-content\/uploads\/2025\/05\/map-1-247x300.png 247w\" sizes=\"auto, (max-width: 589px) 100vw, 589px\" \/><\/a><\/figure>\n<\/div>\n\n\n\n<div class=\"wp-block-column marginauto is-layout-flow wp-block-column-is-layout-flow\">\n<div class=\"wp-block-cover is-light\" style=\"border-radius:15px\"><span aria-hidden=\"true\" class=\"wp-block-cover__background has-white-background-color has-background-dim-40 has-background-dim\"><\/span><div class=\"wp-block-cover__inner-container has-global-padding is-layout-constrained wp-block-cover-is-layout-constrained\">\n<div class=\"wp-block-columns is-layout-flex wp-container-core-columns-is-layout-28f84493 wp-block-columns-is-layout-flex\">\n<div class=\"wp-block-column is-layout-flow wp-block-column-is-layout-flow\" style=\"flex-basis:100%\">\n<div class=\"forminator-guttenberg\"><div class=\"forminator-ui forminator-custom-form forminator-custom-form-620 forminator-design--bold  forminator_ajax\" data-forminator-render=\"0\" data-form=\"forminator-module-620\" data-uid=\"69fb2eed1c45e\"><br\/><\/div><form\n\t\t\t\tid=\"forminator-module-620\"\n\t\t\t\tclass=\"forminator-ui forminator-custom-form forminator-custom-form-620 forminator-design--bold  forminator_ajax\"\n\t\t\t\tmethod=\"post\"\n\t\t\t\tdata-forminator-render=\"0\"\n\t\t\t\tdata-form-id=\"620\"\n\t\t\t\t data-color-option=\"theme\" data-design=\"bold\" data-grid=\"open\" style=\"display: none;\"\n\t\t\t\tdata-uid=\"69fb2eed1c45e\"\n\t\t\t><div role=\"alert\" aria-live=\"polite\" class=\"forminator-response-message forminator-error\" aria-hidden=\"true\"><\/div><div class=\"forminator-row\"><div id=\"name-1\" class=\"forminator-field-name forminator-col forminator-col-12 \"><div class=\"forminator-field\"><label for=\"forminator-field-name-1_69fb2eed1c45e\" id=\"forminator-field-name-1_69fb2eed1c45e-label\" class=\"forminator-label\">Nom <span class=\"forminator-required\">*<\/span><\/label><input type=\"text\" name=\"name-1\" value=\"\" placeholder=\"\" id=\"forminator-field-name-1_69fb2eed1c45e\" class=\"forminator-input forminator-name--field\" aria-required=\"true\" autocomplete=\"name\" \/><\/div><\/div><\/div><div class=\"forminator-row\"><div id=\"text-1\" class=\"forminator-field-text forminator-col forminator-col-12 \"><div class=\"forminator-field\"><label for=\"forminator-field-text-1_69fb2eed1c45e\" id=\"forminator-field-text-1_69fb2eed1c45e-label\" class=\"forminator-label\">Pr\u00e9nom <span class=\"forminator-required\">*<\/span><\/label><input type=\"text\" name=\"text-1\" value=\"\" placeholder=\"\" id=\"forminator-field-text-1_69fb2eed1c45e\" class=\"forminator-input forminator-name--field\" data-required=\"1\" \/><\/div><\/div><\/div><div class=\"forminator-row\"><div id=\"name-2\" class=\"forminator-field-name forminator-col forminator-col-12 \"><div class=\"forminator-field\"><label for=\"forminator-field-name-2_69fb2eed1c45e\" id=\"forminator-field-name-2_69fb2eed1c45e-label\" class=\"forminator-label\">Soci\u00e9t\u00e9<\/label><input type=\"text\" name=\"name-2\" value=\"\" placeholder=\"\" id=\"forminator-field-name-2_69fb2eed1c45e\" class=\"forminator-input forminator-name--field\" aria-required=\"false\" autocomplete=\"name\" \/><\/div><\/div><\/div><div class=\"forminator-row\"><div id=\"email-1\" class=\"forminator-field-email forminator-col forminator-col-12 \"><div class=\"forminator-field\"><label for=\"forminator-field-email-1_69fb2eed1c45e\" id=\"forminator-field-email-1_69fb2eed1c45e-label\" class=\"forminator-label\">Email <span class=\"forminator-required\">*<\/span><\/label><input type=\"email\" name=\"email-1\" value=\"\" placeholder=\"\" id=\"forminator-field-email-1_69fb2eed1c45e\" class=\"forminator-input forminator-email--field\" data-required=\"true\" aria-required=\"true\" autocomplete=\"email\" \/><\/div><\/div><\/div><div class=\"forminator-row\"><div id=\"phone-1\" class=\"forminator-field-phone forminator-col forminator-col-12 \"><div class=\"forminator-field\"><label for=\"forminator-field-phone-1_69fb2eed1c45e\" id=\"forminator-field-phone-1_69fb2eed1c45e-label\" class=\"forminator-label\">Num\u00e9ro de t\u00e9l\u00e9phone<\/label><input type=\"text\" name=\"phone-1\" value=\"\" placeholder=\"\" id=\"forminator-field-phone-1_69fb2eed1c45e\" class=\"forminator-input forminator-field--phone\" data-required=\"\" aria-required=\"false\" autocomplete=\"off\" \/><\/div><\/div><\/div><div class=\"forminator-row\"><div id=\"textarea-1\" class=\"forminator-field-textarea forminator-col forminator-col-12 \"><div class=\"forminator-field\"><label for=\"forminator-field-textarea-1_69fb2eed1c45e\" id=\"forminator-field-textarea-1_69fb2eed1c45e-label\" class=\"forminator-label\">Message <span class=\"forminator-required\">*<\/span><\/label><span id=\"forminator-field-textarea-1_69fb2eed1c45e-description\" class=\"forminator-description\"><span data-limit=\"500\" data-type=\"characters\" data-editor=\"\">0 \/ 500<\/span><\/span><textarea name=\"textarea-1\" placeholder=\"Saisissez votre message\u2026\" id=\"forminator-field-textarea-1_69fb2eed1c45e\" class=\"forminator-textarea\" rows=\"6\" style=\"min-height:210px;\" maxlength=\"500\" ><\/textarea><\/div><\/div><\/div><div class=\"forminator-row\"><div id=\"checkbox-1\" class=\"forminator-field-checkbox forminator-col forminator-col-12 \"><div role=\"group\" class=\"forminator-field required\" aria-labelledby=\"forminator-checkbox-group-forminator-field-checkbox-1-69fb2eed1c45e-label\"><label id=\"forminator-field-checkbox-1-1-69fb2eed1c45e-label\" for=\"forminator-field-checkbox-1-1-69fb2eed1c45e\" class=\"forminator-checkbox\" title=\"En soumettant ce formulaire, vous acceptez que les donn\u00e9es obtenues vous concernant puissent \u00eatre collect\u00e9es et utilis\u00e9es aux fins indiqu\u00e9es ici.\"><input type=\"checkbox\" name=\"checkbox-1[]\" value=\"one\" id=\"forminator-field-checkbox-1-1-69fb2eed1c45e\" aria-labelledby=\"forminator-field-checkbox-1-1-69fb2eed1c45e-label\" data-calculation=\"0\"   data-hidden-behavior=\"zero\"\/><span class=\"forminator-checkbox-box\" aria-hidden=\"true\"><\/span><span class=\"forminator-checkbox-label\">En soumettant ce formulaire, vous acceptez que les donn\u00e9es obtenues vous concernant puissent \u00eatre collect\u00e9es et utilis\u00e9es aux fins indiqu\u00e9es ici.<\/span><\/label><\/div><\/div><\/div><input type=\"hidden\" name=\"referer_url\" value=\"\" \/><div class=\"forminator-row forminator-row-last\"><div class=\"forminator-col\"><div class=\"forminator-field\"><button class=\"forminator-button forminator-button-submit\">Envoyer<\/button><\/div><\/div><\/div><input type=\"hidden\" id=\"forminator_nonce\" name=\"forminator_nonce\" value=\"73b01e7f7e\" \/><input type=\"hidden\" name=\"_wp_http_referer\" value=\"\/index.php\/wp-json\/wp\/v2\/pages\/1847\" \/><input type=\"hidden\" name=\"form_id\" value=\"620\"><input type=\"hidden\" name=\"page_id\" value=\"1847\"><input type=\"hidden\" name=\"form_type\" value=\"default\"><input type=\"hidden\" name=\"current_url\" value=\"https:\/\/capformalites.fr\/index.php\/cap-formalites-marseille\/\"><input type=\"hidden\" name=\"render_id\" value=\"0\"><input type=\"hidden\" name=\"action\" value=\"forminator_submit_form_custom-forms\"><\/form><\/div>\n<\/div>\n<\/div>\n<\/div><\/div>\n<\/div>\n<\/div>\n\n\n\n<hr class=\"wp-block-separator has-alpha-channel-opacity\"\/>\n<\/div>\n","protected":false},"excerpt":{"rendered":"<p>CAP FORMALIT\u00c9S MARSEILLE<\/p>\n","protected":false},"author":1,"featured_media":0,"parent":0,"menu_order":0,"comment_status":"closed","ping_status":"closed","template":"","meta":{"footnotes":""},"class_list":["post-1847","page","type-page","status-publish","hentry"],"yoast_head":"<!-- This site is optimized with the Yoast SEO plugin v26.8 - https:\/\/yoast.com\/product\/yoast-seo-wordpress\/ -->\n<title>CAP FORMALIT\u00c9S MARSEILLE - Cabinet de formalit\u00e9s juridiques \u00e0 Toulouse<\/title>\n<meta name=\"robots\" content=\"index, follow, max-snippet:-1, max-image-preview:large, max-video-preview:-1\" \/>\n<link rel=\"canonical\" href=\"https:\/\/capformalites.fr\/index.php\/cap-formalites-marseille\/\" \/>\n<meta property=\"og:locale\" content=\"fr_FR\" \/>\n<meta property=\"og:type\" content=\"article\" \/>\n<meta property=\"og:title\" content=\"CAP FORMALIT\u00c9S MARSEILLE - Cabinet de formalit\u00e9s juridiques \u00e0 Toulouse\" \/>\n<meta property=\"og:description\" content=\"CAP FORMALIT\u00c9S MARSEILLE\" \/>\n<meta property=\"og:url\" content=\"https:\/\/capformalites.fr\/index.php\/cap-formalites-marseille\/\" \/>\n<meta property=\"og:site_name\" content=\"Cabinet de formalit\u00e9s juridiques \u00e0 Toulouse\" \/>\n<meta name=\"twitter:card\" content=\"summary_large_image\" \/>\n<script type=\"application\/ld+json\" class=\"yoast-schema-graph\">{\"@context\":\"https:\/\/schema.org\",\"@graph\":[{\"@type\":\"WebPage\",\"@id\":\"https:\/\/capformalites.fr\/index.php\/cap-formalites-marseille\/\",\"url\":\"https:\/\/capformalites.fr\/index.php\/cap-formalites-marseille\/\",\"name\":\"CAP FORMALIT\u00c9S MARSEILLE - Cabinet de formalit\u00e9s juridiques \u00e0 Toulouse\",\"isPartOf\":{\"@id\":\"https:\/\/capformalites.fr\/#website\"},\"datePublished\":\"2025-06-04T14:17:30+00:00\",\"breadcrumb\":{\"@id\":\"https:\/\/capformalites.fr\/index.php\/cap-formalites-marseille\/#breadcrumb\"},\"inLanguage\":\"fr-FR\",\"potentialAction\":[{\"@type\":\"ReadAction\",\"target\":[\"https:\/\/capformalites.fr\/index.php\/cap-formalites-marseille\/\"]}]},{\"@type\":\"BreadcrumbList\",\"@id\":\"https:\/\/capformalites.fr\/index.php\/cap-formalites-marseille\/#breadcrumb\",\"itemListElement\":[{\"@type\":\"ListItem\",\"position\":1,\"name\":\"Accueil\",\"item\":\"https:\/\/capformalites.fr\/\"},{\"@type\":\"ListItem\",\"position\":2,\"name\":\"CAP FORMALIT\u00c9S MARSEILLE\"}]},{\"@type\":\"WebSite\",\"@id\":\"https:\/\/capformalites.fr\/#website\",\"url\":\"https:\/\/capformalites.fr\/\",\"name\":\"Cabinet de formalit\u00e9s juridiques \u00e0 Toulouse\",\"description\":\"Externalisez vos formalit\u00e9s juridiques en toute confiance\",\"publisher\":{\"@id\":\"https:\/\/capformalites.fr\/#organization\"},\"potentialAction\":[{\"@type\":\"SearchAction\",\"target\":{\"@type\":\"EntryPoint\",\"urlTemplate\":\"https:\/\/capformalites.fr\/?s={search_term_string}\"},\"query-input\":{\"@type\":\"PropertyValueSpecification\",\"valueRequired\":true,\"valueName\":\"search_term_string\"}}],\"inLanguage\":\"fr-FR\"},{\"@type\":\"Organization\",\"@id\":\"https:\/\/capformalites.fr\/#organization\",\"name\":\"Cap Formalit\u00e9s\",\"url\":\"https:\/\/capformalites.fr\/\",\"logo\":{\"@type\":\"ImageObject\",\"inLanguage\":\"fr-FR\",\"@id\":\"https:\/\/capformalites.fr\/#\/schema\/logo\/image\/\",\"url\":\"https:\/\/capformalites.fr\/wp-content\/uploads\/2025\/01\/Cap-Formalites-recto.png\",\"contentUrl\":\"https:\/\/capformalites.fr\/wp-content\/uploads\/2025\/01\/Cap-Formalites-recto.png\",\"width\":1050,\"height\":600,\"caption\":\"Cap Formalit\u00e9s\"},\"image\":{\"@id\":\"https:\/\/capformalites.fr\/#\/schema\/logo\/image\/\"},\"sameAs\":[\"https:\/\/www.linkedin.com\/in\/lela-devesse-expertjuridique\/\"]}]}<\/script>\n<!-- \/ Yoast SEO plugin. -->","yoast_head_json":{"title":"CAP FORMALIT\u00c9S MARSEILLE - Cabinet de formalit\u00e9s juridiques \u00e0 Toulouse","robots":{"index":"index","follow":"follow","max-snippet":"max-snippet:-1","max-image-preview":"max-image-preview:large","max-video-preview":"max-video-preview:-1"},"canonical":"https:\/\/capformalites.fr\/index.php\/cap-formalites-marseille\/","og_locale":"fr_FR","og_type":"article","og_title":"CAP FORMALIT\u00c9S MARSEILLE - Cabinet de formalit\u00e9s juridiques \u00e0 Toulouse","og_description":"CAP FORMALIT\u00c9S MARSEILLE","og_url":"https:\/\/capformalites.fr\/index.php\/cap-formalites-marseille\/","og_site_name":"Cabinet de formalit\u00e9s juridiques \u00e0 Toulouse","twitter_card":"summary_large_image","schema":{"@context":"https:\/\/schema.org","@graph":[{"@type":"WebPage","@id":"https:\/\/capformalites.fr\/index.php\/cap-formalites-marseille\/","url":"https:\/\/capformalites.fr\/index.php\/cap-formalites-marseille\/","name":"CAP FORMALIT\u00c9S MARSEILLE - Cabinet de formalit\u00e9s juridiques \u00e0 Toulouse","isPartOf":{"@id":"https:\/\/capformalites.fr\/#website"},"datePublished":"2025-06-04T14:17:30+00:00","breadcrumb":{"@id":"https:\/\/capformalites.fr\/index.php\/cap-formalites-marseille\/#breadcrumb"},"inLanguage":"fr-FR","potentialAction":[{"@type":"ReadAction","target":["https:\/\/capformalites.fr\/index.php\/cap-formalites-marseille\/"]}]},{"@type":"BreadcrumbList","@id":"https:\/\/capformalites.fr\/index.php\/cap-formalites-marseille\/#breadcrumb","itemListElement":[{"@type":"ListItem","position":1,"name":"Accueil","item":"https:\/\/capformalites.fr\/"},{"@type":"ListItem","position":2,"name":"CAP FORMALIT\u00c9S MARSEILLE"}]},{"@type":"WebSite","@id":"https:\/\/capformalites.fr\/#website","url":"https:\/\/capformalites.fr\/","name":"Cabinet de formalit\u00e9s juridiques \u00e0 Toulouse","description":"Externalisez vos formalit\u00e9s juridiques en toute confiance","publisher":{"@id":"https:\/\/capformalites.fr\/#organization"},"potentialAction":[{"@type":"SearchAction","target":{"@type":"EntryPoint","urlTemplate":"https:\/\/capformalites.fr\/?s={search_term_string}"},"query-input":{"@type":"PropertyValueSpecification","valueRequired":true,"valueName":"search_term_string"}}],"inLanguage":"fr-FR"},{"@type":"Organization","@id":"https:\/\/capformalites.fr\/#organization","name":"Cap Formalit\u00e9s","url":"https:\/\/capformalites.fr\/","logo":{"@type":"ImageObject","inLanguage":"fr-FR","@id":"https:\/\/capformalites.fr\/#\/schema\/logo\/image\/","url":"https:\/\/capformalites.fr\/wp-content\/uploads\/2025\/01\/Cap-Formalites-recto.png","contentUrl":"https:\/\/capformalites.fr\/wp-content\/uploads\/2025\/01\/Cap-Formalites-recto.png","width":1050,"height":600,"caption":"Cap Formalit\u00e9s"},"image":{"@id":"https:\/\/capformalites.fr\/#\/schema\/logo\/image\/"},"sameAs":["https:\/\/www.linkedin.com\/in\/lela-devesse-expertjuridique\/"]}]}},"_links":{"self":[{"href":"https:\/\/capformalites.fr\/index.php\/wp-json\/wp\/v2\/pages\/1847","targetHints":{"allow":["GET"]}}],"collection":[{"href":"https:\/\/capformalites.fr\/index.php\/wp-json\/wp\/v2\/pages"}],"about":[{"href":"https:\/\/capformalites.fr\/index.php\/wp-json\/wp\/v2\/types\/page"}],"author":[{"embeddable":true,"href":"https:\/\/capformalites.fr\/index.php\/wp-json\/wp\/v2\/users\/1"}],"replies":[{"embeddable":true,"href":"https:\/\/capformalites.fr\/index.php\/wp-json\/wp\/v2\/comments?post=1847"}],"version-history":[{"count":1,"href":"https:\/\/capformalites.fr\/index.php\/wp-json\/wp\/v2\/pages\/1847\/revisions"}],"predecessor-version":[{"id":1848,"href":"https:\/\/capformalites.fr\/index.php\/wp-json\/wp\/v2\/pages\/1847\/revisions\/1848"}],"wp:attachment":[{"href":"https:\/\/capformalites.fr\/index.php\/wp-json\/wp\/v2\/media?parent=1847"}],"curies":[{"name":"wp","href":"https:\/\/api.w.org\/{rel}","templated":true}]}}