{"id":1900,"date":"2025-06-05T10:02:00","date_gmt":"2025-06-05T08:02:00","guid":{"rendered":"https:\/\/capformalites.fr\/?page_id=1900"},"modified":"2025-06-05T10:02:01","modified_gmt":"2025-06-05T08:02:01","slug":"deleguer-vos-formalites","status":"publish","type":"page","link":"https:\/\/capformalites.fr\/index.php\/deleguer-vos-formalites\/","title":{"rendered":"D\u00e9l\u00e9guer vos formalit\u00e9s"},"content":{"rendered":"\n<p class=\"has-medium-font-size\"><strong>NOUS CONTACTER<\/strong><\/p>\n\n\n\n<p><strong>Confiez-nous votre formalit\u00e9\u00a0: inutile de cr\u00e9er votre compte, remplissez simplement notre formulaire en ligne et nous vous recontacterons sous 24H\u00a0!<\/strong><\/p>\n\n\n\n<div class=\"forminator-guttenberg\"><div class=\"forminator-ui forminator-custom-form forminator-custom-form-1899 forminator-design--bold  forminator_ajax\" data-forminator-render=\"0\" data-form=\"forminator-module-1899\" data-uid=\"69fb2fe3b85f0\"><br\/><\/div><form\n\t\t\t\tid=\"forminator-module-1899\"\n\t\t\t\tclass=\"forminator-ui forminator-custom-form forminator-custom-form-1899 forminator-design--bold  forminator_ajax\"\n\t\t\t\tmethod=\"post\"\n\t\t\t\tdata-forminator-render=\"0\"\n\t\t\t\tdata-form-id=\"1899\"\n\t\t\t\t data-color-option=\"theme\" data-design=\"bold\" data-grid=\"open\" style=\"display: none;\"\n\t\t\t\tdata-uid=\"69fb2fe3b85f0\"\n\t\t\t><div role=\"alert\" aria-live=\"polite\" class=\"forminator-response-message forminator-error\" aria-hidden=\"true\"><\/div><div class=\"forminator-row\"><div id=\"name-1\" class=\"forminator-field-name forminator-col forminator-col-6 \"><div class=\"forminator-field\"><label for=\"forminator-field-name-1_69fb2fe3b85f0\" id=\"forminator-field-name-1_69fb2fe3b85f0-label\" class=\"forminator-label\">Nom <span class=\"forminator-required\">*<\/span><\/label><input type=\"text\" name=\"name-1\" value=\"\" placeholder=\"\" id=\"forminator-field-name-1_69fb2fe3b85f0\" class=\"forminator-input forminator-name--field\" aria-required=\"true\" autocomplete=\"name\" \/><\/div><\/div><div id=\"text-1\" class=\"forminator-field-text forminator-col forminator-col-6 \"><div class=\"forminator-field\"><label for=\"forminator-field-text-1_69fb2fe3b85f0\" id=\"forminator-field-text-1_69fb2fe3b85f0-label\" class=\"forminator-label\">Pr\u00e9nom<\/label><input type=\"text\" name=\"text-1\" value=\"\" placeholder=\"\" id=\"forminator-field-text-1_69fb2fe3b85f0\" class=\"forminator-input forminator-name--field\" data-required=\"\" \/><\/div><\/div><\/div><div class=\"forminator-row\"><div id=\"email-1\" class=\"forminator-field-email forminator-col forminator-col-6 \"><div class=\"forminator-field\"><label for=\"forminator-field-email-1_69fb2fe3b85f0\" id=\"forminator-field-email-1_69fb2fe3b85f0-label\" class=\"forminator-label\">Email <span class=\"forminator-required\">*<\/span><\/label><input type=\"email\" name=\"email-1\" value=\"\" placeholder=\"\" id=\"forminator-field-email-1_69fb2fe3b85f0\" class=\"forminator-input forminator-email--field\" data-required=\"true\" aria-required=\"true\" autocomplete=\"email\" \/><\/div><\/div><div id=\"phone-1\" class=\"forminator-field-phone forminator-col forminator-col-6 \"><div class=\"forminator-field\"><label for=\"forminator-field-phone-1_69fb2fe3b85f0\" id=\"forminator-field-phone-1_69fb2fe3b85f0-label\" class=\"forminator-label\">Num\u00e9ro de t\u00e9l\u00e9phone<\/label><input type=\"text\" name=\"phone-1\" value=\"\" placeholder=\"\" id=\"forminator-field-phone-1_69fb2fe3b85f0\" class=\"forminator-input forminator-field--phone\" data-required=\"\" aria-required=\"false\" autocomplete=\"off\" \/><\/div><\/div><\/div><div class=\"forminator-row\"><div id=\"select-1\" class=\"forminator-field-select forminator-col forminator-col-12 \"><div class=\"forminator-field\"><label for=\"forminator-form-1899__field--select-1_69fb2fe3b85f0\" id=\"forminator-form-1899__field--select-1_69fb2fe3b85f0-label\" class=\"forminator-label\">Vous \u00eates : <span class=\"forminator-required\">*<\/span><\/label><select  id=\"forminator-form-1899__field--select-1_69fb2fe3b85f0\" class=\"forminator-select--field forminator-select2 forminator-select2-multiple\" data-required=\"1\" name=\"select-1\" data-default-value=\"Dirigeant\" data-hidden-behavior=\"zero\" data-placeholder=\"Merci de choisir une option\" data-search=\"false\" data-search-placeholder=\"Merci de choisir une option\" data-checkbox=\"false\" data-allow-clear=\"false\" aria-labelledby=\"forminator-form-1899__field--select-1_69fb2fe3b85f0-label\"><option value=\"\"  >Merci de choisir une option<\/option><option value=\"Dirigeant\" selected=\"selected\" data-calculation=\"0\">Dirigeant<\/option><option value=\"Particulier\"  data-calculation=\"0\">Particulier<\/option><option value=\"one\"  data-calculation=\"0\">Avocat<\/option><option value=\"EC\"  data-calculation=\"0\">Expert-comptable<\/option><option value=\"Notaire\"  data-calculation=\"0\">Notaire<\/option><option value=\"two\"  data-calculation=\"0\">Autre<\/option><\/select><\/div><\/div><\/div><div class=\"forminator-row\"><div id=\"select-2\" class=\"forminator-field-select forminator-col forminator-col-12 \"><div class=\"forminator-field\"><label for=\"forminator-form-1899__field--select-2_69fb2fe3b85f0\" id=\"forminator-form-1899__field--select-2_69fb2fe3b85f0-label\" class=\"forminator-label\">Objet de la demande : <span class=\"forminator-required\">*<\/span><\/label><select  id=\"forminator-form-1899__field--select-2_69fb2fe3b85f0\" class=\"forminator-select--field forminator-select2 forminator-select2-multiple\" data-required=\"1\" name=\"select-2\" data-default-value=\"Dirigeant\" data-hidden-behavior=\"zero\" data-placeholder=\"Merci de choisir une option\" data-search=\"false\" data-search-placeholder=\"Merci de choisir une option\" data-checkbox=\"false\" data-allow-clear=\"false\" aria-labelledby=\"forminator-form-1899__field--select-2_69fb2fe3b85f0-label\"><option value=\"\"  >Merci de choisir une option<\/option><option value=\"Dirigeant\" selected=\"selected\" data-calculation=\"0\">Immatriculation de soci\u00e9t\u00e9<\/option><option value=\"Particulier\"  data-calculation=\"0\">Modification de soci\u00e9t\u00e9<\/option><option value=\"one\"  data-calculation=\"0\">Cessation d'activit\u00e9<\/option><option value=\"two\"  data-calculation=\"0\">Autre<\/option><\/select><\/div><\/div><\/div><div class=\"forminator-row\"><div id=\"textarea-1\" class=\"forminator-field-textarea forminator-col forminator-col-12 \"><div class=\"forminator-field\"><span id=\"forminator-field-textarea-1_69fb2fe3b85f0-description\" class=\"forminator-description\"><span data-limit=\"500\" data-type=\"characters\" data-editor=\"\">0 \/ 500<\/span><\/span><textarea name=\"textarea-1\" placeholder=\"Expliquez bri\u00e8vement votre demande...\" id=\"forminator-field-textarea-1_69fb2fe3b85f0\" class=\"forminator-textarea\" rows=\"6\" style=\"min-height:210px;\" maxlength=\"500\" ><\/textarea><\/div><\/div><\/div><input type=\"hidden\" name=\"referer_url\" value=\"\" \/><div class=\"forminator-row forminator-row-last\"><div class=\"forminator-col\"><div class=\"forminator-field\"><button class=\"forminator-button forminator-button-submit flexAuto\">Envoyer ma demande<\/button><\/div><\/div><\/div><input type=\"hidden\" id=\"forminator_nonce\" name=\"forminator_nonce\" value=\"46444fd0ef\" \/><input type=\"hidden\" name=\"_wp_http_referer\" value=\"\/index.php\/wp-json\/wp\/v2\/pages\/1900\" \/><input type=\"hidden\" name=\"form_id\" value=\"1899\"><input type=\"hidden\" name=\"page_id\" value=\"1900\"><input type=\"hidden\" name=\"form_type\" value=\"default\"><input type=\"hidden\" name=\"current_url\" value=\"https:\/\/capformalites.fr\/index.php\/deleguer-vos-formalites\/\"><input type=\"hidden\" name=\"render_id\" value=\"0\"><input type=\"hidden\" name=\"action\" value=\"forminator_submit_form_custom-forms\"><\/form><\/div>\n","protected":false},"excerpt":{"rendered":"<p>NOUS CONTACTER Confiez-nous votre formalit\u00e9\u00a0: inutile de cr\u00e9er votre compte, remplissez simplement notre formulaire en ligne et nous vous recontacterons sous 24H\u00a0!<\/p>\n","protected":false},"author":1,"featured_media":0,"parent":0,"menu_order":0,"comment_status":"closed","ping_status":"closed","template":"","meta":{"footnotes":""},"class_list":["post-1900","page","type-page","status-publish","hentry"],"yoast_head":"<!-- This site is optimized with the Yoast SEO plugin v26.8 - https:\/\/yoast.com\/product\/yoast-seo-wordpress\/ -->\n<title>D\u00e9l\u00e9guer vos formalit\u00e9s - Cabinet de formalit\u00e9s juridiques \u00e0 Toulouse<\/title>\n<meta name=\"robots\" content=\"index, follow, max-snippet:-1, max-image-preview:large, max-video-preview:-1\" \/>\n<link rel=\"canonical\" href=\"https:\/\/capformalites.fr\/index.php\/deleguer-vos-formalites\/\" \/>\n<meta property=\"og:locale\" content=\"fr_FR\" \/>\n<meta property=\"og:type\" content=\"article\" \/>\n<meta property=\"og:title\" content=\"D\u00e9l\u00e9guer vos formalit\u00e9s - Cabinet de formalit\u00e9s juridiques \u00e0 Toulouse\" \/>\n<meta property=\"og:description\" content=\"NOUS CONTACTER Confiez-nous votre formalit\u00e9\u00a0: inutile de cr\u00e9er votre compte, remplissez simplement notre formulaire en ligne et nous vous recontacterons sous 24H\u00a0!\" \/>\n<meta property=\"og:url\" content=\"https:\/\/capformalites.fr\/index.php\/deleguer-vos-formalites\/\" \/>\n<meta property=\"og:site_name\" content=\"Cabinet de formalit\u00e9s juridiques \u00e0 Toulouse\" \/>\n<meta property=\"article:modified_time\" content=\"2025-06-05T08:02:01+00:00\" \/>\n<meta name=\"twitter:card\" content=\"summary_large_image\" \/>\n<script type=\"application\/ld+json\" class=\"yoast-schema-graph\">{\"@context\":\"https:\/\/schema.org\",\"@graph\":[{\"@type\":\"WebPage\",\"@id\":\"https:\/\/capformalites.fr\/index.php\/deleguer-vos-formalites\/\",\"url\":\"https:\/\/capformalites.fr\/index.php\/deleguer-vos-formalites\/\",\"name\":\"D\u00e9l\u00e9guer vos formalit\u00e9s - Cabinet de formalit\u00e9s juridiques \u00e0 Toulouse\",\"isPartOf\":{\"@id\":\"https:\/\/capformalites.fr\/#website\"},\"datePublished\":\"2025-06-05T08:02:00+00:00\",\"dateModified\":\"2025-06-05T08:02:01+00:00\",\"breadcrumb\":{\"@id\":\"https:\/\/capformalites.fr\/index.php\/deleguer-vos-formalites\/#breadcrumb\"},\"inLanguage\":\"fr-FR\",\"potentialAction\":[{\"@type\":\"ReadAction\",\"target\":[\"https:\/\/capformalites.fr\/index.php\/deleguer-vos-formalites\/\"]}]},{\"@type\":\"BreadcrumbList\",\"@id\":\"https:\/\/capformalites.fr\/index.php\/deleguer-vos-formalites\/#breadcrumb\",\"itemListElement\":[{\"@type\":\"ListItem\",\"position\":1,\"name\":\"Accueil\",\"item\":\"https:\/\/capformalites.fr\/\"},{\"@type\":\"ListItem\",\"position\":2,\"name\":\"D\u00e9l\u00e9guer vos formalit\u00e9s\"}]},{\"@type\":\"WebSite\",\"@id\":\"https:\/\/capformalites.fr\/#website\",\"url\":\"https:\/\/capformalites.fr\/\",\"name\":\"Cabinet de formalit\u00e9s juridiques \u00e0 Toulouse\",\"description\":\"Externalisez vos formalit\u00e9s juridiques en toute confiance\",\"publisher\":{\"@id\":\"https:\/\/capformalites.fr\/#organization\"},\"potentialAction\":[{\"@type\":\"SearchAction\",\"target\":{\"@type\":\"EntryPoint\",\"urlTemplate\":\"https:\/\/capformalites.fr\/?s={search_term_string}\"},\"query-input\":{\"@type\":\"PropertyValueSpecification\",\"valueRequired\":true,\"valueName\":\"search_term_string\"}}],\"inLanguage\":\"fr-FR\"},{\"@type\":\"Organization\",\"@id\":\"https:\/\/capformalites.fr\/#organization\",\"name\":\"Cap Formalit\u00e9s\",\"url\":\"https:\/\/capformalites.fr\/\",\"logo\":{\"@type\":\"ImageObject\",\"inLanguage\":\"fr-FR\",\"@id\":\"https:\/\/capformalites.fr\/#\/schema\/logo\/image\/\",\"url\":\"https:\/\/capformalites.fr\/wp-content\/uploads\/2025\/01\/Cap-Formalites-recto.png\",\"contentUrl\":\"https:\/\/capformalites.fr\/wp-content\/uploads\/2025\/01\/Cap-Formalites-recto.png\",\"width\":1050,\"height\":600,\"caption\":\"Cap Formalit\u00e9s\"},\"image\":{\"@id\":\"https:\/\/capformalites.fr\/#\/schema\/logo\/image\/\"},\"sameAs\":[\"https:\/\/www.linkedin.com\/in\/lela-devesse-expertjuridique\/\"]}]}<\/script>\n<!-- \/ Yoast SEO plugin. -->","yoast_head_json":{"title":"D\u00e9l\u00e9guer vos formalit\u00e9s - Cabinet de formalit\u00e9s juridiques \u00e0 Toulouse","robots":{"index":"index","follow":"follow","max-snippet":"max-snippet:-1","max-image-preview":"max-image-preview:large","max-video-preview":"max-video-preview:-1"},"canonical":"https:\/\/capformalites.fr\/index.php\/deleguer-vos-formalites\/","og_locale":"fr_FR","og_type":"article","og_title":"D\u00e9l\u00e9guer vos formalit\u00e9s - Cabinet de formalit\u00e9s juridiques \u00e0 Toulouse","og_description":"NOUS CONTACTER Confiez-nous votre formalit\u00e9\u00a0: inutile de cr\u00e9er votre compte, remplissez simplement notre formulaire en ligne et nous vous recontacterons sous 24H\u00a0!","og_url":"https:\/\/capformalites.fr\/index.php\/deleguer-vos-formalites\/","og_site_name":"Cabinet de formalit\u00e9s juridiques \u00e0 Toulouse","article_modified_time":"2025-06-05T08:02:01+00:00","twitter_card":"summary_large_image","schema":{"@context":"https:\/\/schema.org","@graph":[{"@type":"WebPage","@id":"https:\/\/capformalites.fr\/index.php\/deleguer-vos-formalites\/","url":"https:\/\/capformalites.fr\/index.php\/deleguer-vos-formalites\/","name":"D\u00e9l\u00e9guer vos formalit\u00e9s - Cabinet de formalit\u00e9s juridiques \u00e0 Toulouse","isPartOf":{"@id":"https:\/\/capformalites.fr\/#website"},"datePublished":"2025-06-05T08:02:00+00:00","dateModified":"2025-06-05T08:02:01+00:00","breadcrumb":{"@id":"https:\/\/capformalites.fr\/index.php\/deleguer-vos-formalites\/#breadcrumb"},"inLanguage":"fr-FR","potentialAction":[{"@type":"ReadAction","target":["https:\/\/capformalites.fr\/index.php\/deleguer-vos-formalites\/"]}]},{"@type":"BreadcrumbList","@id":"https:\/\/capformalites.fr\/index.php\/deleguer-vos-formalites\/#breadcrumb","itemListElement":[{"@type":"ListItem","position":1,"name":"Accueil","item":"https:\/\/capformalites.fr\/"},{"@type":"ListItem","position":2,"name":"D\u00e9l\u00e9guer vos formalit\u00e9s"}]},{"@type":"WebSite","@id":"https:\/\/capformalites.fr\/#website","url":"https:\/\/capformalites.fr\/","name":"Cabinet de formalit\u00e9s juridiques \u00e0 Toulouse","description":"Externalisez vos formalit\u00e9s juridiques en toute confiance","publisher":{"@id":"https:\/\/capformalites.fr\/#organization"},"potentialAction":[{"@type":"SearchAction","target":{"@type":"EntryPoint","urlTemplate":"https:\/\/capformalites.fr\/?s={search_term_string}"},"query-input":{"@type":"PropertyValueSpecification","valueRequired":true,"valueName":"search_term_string"}}],"inLanguage":"fr-FR"},{"@type":"Organization","@id":"https:\/\/capformalites.fr\/#organization","name":"Cap Formalit\u00e9s","url":"https:\/\/capformalites.fr\/","logo":{"@type":"ImageObject","inLanguage":"fr-FR","@id":"https:\/\/capformalites.fr\/#\/schema\/logo\/image\/","url":"https:\/\/capformalites.fr\/wp-content\/uploads\/2025\/01\/Cap-Formalites-recto.png","contentUrl":"https:\/\/capformalites.fr\/wp-content\/uploads\/2025\/01\/Cap-Formalites-recto.png","width":1050,"height":600,"caption":"Cap Formalit\u00e9s"},"image":{"@id":"https:\/\/capformalites.fr\/#\/schema\/logo\/image\/"},"sameAs":["https:\/\/www.linkedin.com\/in\/lela-devesse-expertjuridique\/"]}]}},"_links":{"self":[{"href":"https:\/\/capformalites.fr\/index.php\/wp-json\/wp\/v2\/pages\/1900","targetHints":{"allow":["GET"]}}],"collection":[{"href":"https:\/\/capformalites.fr\/index.php\/wp-json\/wp\/v2\/pages"}],"about":[{"href":"https:\/\/capformalites.fr\/index.php\/wp-json\/wp\/v2\/types\/page"}],"author":[{"embeddable":true,"href":"https:\/\/capformalites.fr\/index.php\/wp-json\/wp\/v2\/users\/1"}],"replies":[{"embeddable":true,"href":"https:\/\/capformalites.fr\/index.php\/wp-json\/wp\/v2\/comments?post=1900"}],"version-history":[{"count":1,"href":"https:\/\/capformalites.fr\/index.php\/wp-json\/wp\/v2\/pages\/1900\/revisions"}],"predecessor-version":[{"id":1901,"href":"https:\/\/capformalites.fr\/index.php\/wp-json\/wp\/v2\/pages\/1900\/revisions\/1901"}],"wp:attachment":[{"href":"https:\/\/capformalites.fr\/index.php\/wp-json\/wp\/v2\/media?parent=1900"}],"curies":[{"name":"wp","href":"https:\/\/api.w.org\/{rel}","templated":true}]}}